{"id":27,"date":"2024-03-19T10:56:23","date_gmt":"2024-03-19T09:56:23","guid":{"rendered":"http:\/\/angolulhenivel.hu\/?page_id=27"},"modified":"2025-11-18T13:39:12","modified_gmt":"2025-11-18T12:39:12","slug":"fooldal","status":"publish","type":"page","link":"https:\/\/angolulhenivel.hu\/","title":{"rendered":"F\u0151oldal"},"content":{"rendered":"\n<div class=\"wp-block-cover alignfull has-custom-content-position is-position-bottom-center\" style=\"margin-top:0px;margin-bottom:0;padding-bottom:20vh;min-height:100vh;aspect-ratio:unset;\"><img fetchpriority=\"high\" decoding=\"async\" width=\"2560\" height=\"1709\" class=\"wp-block-cover__image-background wp-image-49\" alt=\"\" src=\"https:\/\/angolulhenivel.hu\/wp-content\/uploads\/2024\/03\/pexels-julia-m-cameron-4145153-scaled.jpg\" data-object-fit=\"cover\" srcset=\"https:\/\/angolulhenivel.hu\/wp-content\/uploads\/2024\/03\/pexels-julia-m-cameron-4145153-scaled.jpg 2560w, https:\/\/angolulhenivel.hu\/wp-content\/uploads\/2024\/03\/pexels-julia-m-cameron-4145153-300x200.jpg 300w, https:\/\/angolulhenivel.hu\/wp-content\/uploads\/2024\/03\/pexels-julia-m-cameron-4145153-1024x684.jpg 1024w, https:\/\/angolulhenivel.hu\/wp-content\/uploads\/2024\/03\/pexels-julia-m-cameron-4145153-768x513.jpg 768w, https:\/\/angolulhenivel.hu\/wp-content\/uploads\/2024\/03\/pexels-julia-m-cameron-4145153-1536x1025.jpg 1536w, https:\/\/angolulhenivel.hu\/wp-content\/uploads\/2024\/03\/pexels-julia-m-cameron-4145153-2048x1367.jpg 2048w\" sizes=\"(max-width: 2560px) 100vw, 2560px\" \/><span aria-hidden=\"true\" class=\"wp-block-cover__background has-background-dim\" style=\"background-color:#3f4a49\"><\/span><div class=\"wp-block-cover__inner-container has-global-padding is-layout-constrained wp-container-core-cover-is-layout-8eba8361 wp-block-cover-is-layout-constrained\">\n<div class=\"wp-block-columns is-layout-flex wp-container-core-columns-is-layout-28f84493 wp-block-columns-is-layout-flex\">\n<div class=\"wp-block-column is-layout-flow wp-block-column-is-layout-flow\" style=\"flex-basis:800px\">\n<h2 class=\"wp-block-heading has-text-color\" style=\"color:#ffffff;margin-bottom:0px;font-size:clamp(29.768px, 1.861rem + ((1vw - 3.2px) * 2.526), 52px);font-style:normal;font-weight:400;line-height:1.2\">Tanulj otthonr\u00f3l, angolul!<\/h2>\n\n\n\n<h2 class=\"wp-block-heading has-text-color\" style=\"color:#ffffff;font-size:clamp(16.834px, 1.052rem + ((1vw - 3.2px) * 1.042), 26px);\">\u00c9lvezd a szem\u00e9lyre szabott online \u00f3r\u00e1k el\u0151nyeit!<\/h2>\n\n\n\n<div class=\"wp-block-buttons wp-container-content-9cfa9a5a is-horizontal is-content-justification-left is-layout-flex wp-container-core-buttons-is-layout-10839e01 wp-block-buttons-is-layout-flex\" style=\"margin-top:30px;margin-bottom:0px\">\n<div class=\"wp-block-button is-style-fill\"><a class=\"wp-block-button__link has-text-color has-background has-custom-font-size wp-element-button\" href=\"https:\/\/angolulhenivel.hu\/?page_id=30\" style=\"border-style:none;border-width:0px;border-radius:0px;color:#ffffff;background-color:#d4967d;padding-top:20px;padding-right:40px;padding-bottom:20px;padding-left:40px;font-size:clamp(14px, 0.875rem + ((1vw - 3.2px) * 0.455), 18px);line-height:1\"><strong>\u00c9rdekelnek a r\u00e9szletek!<\/strong><\/a><\/div>\n<\/div>\n<\/div>\n<\/div>\n<\/div><\/div>\n\n\n\n<div class=\"wp-block-cover alignfull has-text-color has-link-color wp-elements-790152bf2fa0f6ff738df1995fa1fe86\" style=\"color:#ffffff00;margin-top:0;margin-bottom:0;padding-top:100px;padding-bottom:100px\"><span aria-hidden=\"true\" class=\"wp-block-cover__background has-background-dim-100 has-background-dim\" style=\"background-color:#495a58\"><\/span><div class=\"wp-block-cover__inner-container has-global-padding is-layout-constrained wp-container-core-cover-is-layout-e6ea8c9d wp-block-cover-is-layout-constrained\">\n<h2 class=\"wp-block-heading has-text-align-center has-text-color has-link-color wp-elements-85cc1b26dac143d5451e6bbeaa791cba\" style=\"color:#ffffff;padding-bottom:20px\">Kezdj el tanulni m\u00e9g ma!<\/h2>\n\n\n\n<p class=\"has-text-align-center has-text-color has-link-color wp-elements-6cfa353c1af450a534c7b44411bd58d3\" style=\"color:#ffffff\">Legyen sz\u00f3 munk\u00e1r\u00f3l, utaz\u00e1sr\u00f3l vagy egyszer\u0171en csak a mindennapi \u00e9letr\u0151l, az angol nyelv ismerete elengedhetetlen. Tanuljunk egy\u00fctt, hogy gyorsan \u00e9s hat\u00e9konyan el\u00e9rd c\u00e9ljaidat! Ne v\u00e1rj tov\u00e1bb, tedd meg az els\u0151 l\u00e9p\u00e9st m\u00e9g ma!<\/p>\n\n\n\n<hr class=\"wp-block-separator has-text-color has-alpha-channel-opacity has-background is-style-dots\" style=\"background-color:#ffffff;color:#ffffff\"\/>\n\n\n\n<div class=\"wp-block-columns is-layout-flex wp-container-core-columns-is-layout-349d4d0c wp-block-columns-is-layout-flex\" style=\"margin-top:30px\">\n<div class=\"wp-block-column is-layout-flow wp-container-core-column-is-layout-cd76dbf6 wp-block-column-is-layout-flow\" style=\"padding-right:20px\">\n<h2 class=\"wp-block-heading has-text-align-center has-text-color\" style=\"color:#d4967d;font-style:normal;font-weight:400;line-height:1.5\">100%<\/h2>\n\n\n\n<h4 class=\"wp-block-heading has-text-align-center has-text-color\" style=\"color:#d4967d;font-style:normal;font-weight:500;line-height:1.5\">K\u00e9nyelem \u00e9s hat\u00e9konys\u00e1g<\/h4>\n\n\n\n<p class=\"has-text-align-center has-text-color has-link-color wp-elements-e9dfd4b567c28ef23e3bc5d115508e71\" style=\"color:#ffffff\">Az online \u00f3r\u00e1imat Google Meet-en kereszt\u00fcl tartom, \u00edgy otthonr\u00f3l, a saj\u00e1t id\u0151beoszt\u00e1sodhoz igazodva tanulhatsz. Utaznod sem kell, k\u00e9nyelmesen le\u00fclsz a g\u00e9p el\u00e9, \u00e9s m\u00e1ris kezdhetj\u00fck a tanul\u00e1st!<\/p>\n<\/div>\n\n\n\n<div class=\"wp-block-column is-layout-flow wp-container-core-column-is-layout-fe0e2ea3 wp-block-column-is-layout-flow\">\n<h2 class=\"wp-block-heading has-text-align-center has-text-color\" style=\"color:#d4967d;font-style:normal;font-weight:400;line-height:1.5\">1:1<\/h2>\n\n\n\n<h4 class=\"wp-block-heading has-text-align-center has-text-color\" style=\"color:#d4967d;font-style:normal;font-weight:500;line-height:1.5\">Szem\u00e9lyre szabott tanul\u00e1s<\/h4>\n\n\n\n<p class=\"has-text-align-center has-text-color has-link-color wp-elements-29f85f7098a743ce071fcf93dce47fbf\" style=\"color:#ffffff\">Az \u00f3r\u00e1imat mindig a te ig\u00e9nyeidhez \u00e9s c\u00e9ljaidhoz igaz\u00edtom, hogy a legjobb eredm\u00e9nyeket \u00e9rd el. Bar\u00e1ts\u00e1gos \u00e9s t\u00e1mogat\u00f3 k\u00f6rnyezetben tanulhatsz, ahol val\u00f3ban fejl\u0151dni fogsz!<\/p>\n<\/div>\n\n\n\n<div class=\"wp-block-column is-layout-flow wp-container-core-column-is-layout-fe0e2ea3 wp-block-column-is-layout-flow\">\n<h2 class=\"wp-block-heading has-text-align-center has-text-color\" style=\"color:#d4967d;font-style:normal;font-weight:400;line-height:1.5\">100%<\/h2>\n\n\n\n<h4 class=\"wp-block-heading has-text-align-center has-text-color\" style=\"color:#d4967d;font-style:normal;font-weight:500;line-height:1.5\">Rugalmas id\u0151pontok<\/h4>\n\n\n\n<p class=\"has-text-align-center has-text-color has-link-color wp-elements-952d21bf957183f98eb72e3ba4722992\" style=\"color:#ffffff\">Tudom, hogy az id\u0151d \u00e9rt\u00e9kes! K\u00e9s\u0151 d\u00e9lut\u00e1ni \u00e9s h\u00e9tv\u00e9gi \u00f3r\u00e1kat is tartok, \u00edgy munka vagy iskola ut\u00e1n is van lehet\u0151s\u00e9ged r\u00e9szt venni az \u00f3r\u00e1kon. Ne hagyd, hogy az id\u0151 hi\u00e1nya g\u00e1tat szabjon a fejl\u0151d\u00e9sednek!<\/p>\n<\/div>\n<\/div>\n\n\n\n<div class=\"wp-block-buttons wp-container-content-9cfa9a5a is-horizontal is-content-justification-center is-layout-flex wp-container-core-buttons-is-layout-20a01882 wp-block-buttons-is-layout-flex\" style=\"margin-top:40px;margin-bottom:0px\">\n<div class=\"wp-block-button is-style-fill\"><a class=\"wp-block-button__link has-text-color has-background has-custom-font-size wp-element-button\" href=\"https:\/\/angolulhenivel.hu\/?page_id=32\" style=\"border-style:none;border-width:0px;border-radius:0px;color:#ffffff;background-color:#d4967d;padding-top:20px;padding-right:40px;padding-bottom:20px;padding-left:40px;font-size:clamp(14px, 0.875rem + ((1vw - 3.2px) * 0.455), 18px);line-height:1\"><strong>Jelentkezem pr\u00f3ba\u00f3r\u00e1ra!<\/strong><\/a><\/div>\n<\/div>\n<\/div><\/div>\n\n\n\n<div class=\"wp-block-group alignfull has-background has-global-padding is-layout-constrained wp-container-core-group-is-layout-b74dbb9c wp-block-group-is-layout-constrained\" style=\"background-color:#ffffff;margin-top:0px;margin-bottom:0px;padding-top:100px;padding-right:0px;padding-bottom:50px;padding-left:0px\">\n<div class=\"wp-block-columns alignwide is-layout-flex wp-container-core-columns-is-layout-b255100c wp-block-columns-is-layout-flex\" style=\"border-style:none;border-width:0px;margin-top:0px;margin-bottom:0px;padding-top:0px;padding-right:0px;padding-bottom:0px;padding-left:0px\">\n<div class=\"wp-block-column is-vertically-aligned-center is-layout-flow wp-container-core-column-is-layout-4d12d905 wp-block-column-is-layout-flow\" style=\"padding-top:0px;padding-right:15px;padding-bottom:15px;padding-left:15px\">\n<h2 class=\"wp-block-heading has-text-color has-inter-font-family\" style=\"color:#000000;margin-top:0;margin-bottom:0px;font-style:normal;font-weight:400\">Heni vagyok, az angoltan\u00e1rod!<\/h2>\n\n\n\n<p class=\"has-text-color\" style=\"color:#555555;margin-bottom:0rem\"><strong>18 \u00e9ve <\/strong>r\u00e9sze az \u00e9letemnek az angol nyelv.<\/p>\n\n\n\n<p class=\"has-text-color\" style=\"color:#555555;margin-bottom:0rem\">Folyamatosan k\u00f6r\u00fclvesz, olvasom, hallgatom, n\u00e9zem az angol tartalmakat. <strong>\u00c9ltem angol nyelvter\u00fcleten<\/strong>, kellett angolul teljes\u00edtenem <strong>egyetemi k\u00f6rnyezetben k\u00fclf\u00f6ld\u00f6n<\/strong>, majd angol <strong>fels\u0151fok\u00fa nyelvvizsg\u00e1t<\/strong> szereztem.<\/p>\n\n\n\n<p class=\"has-text-color\" style=\"color:#555555;margin-bottom:0rem\"><strong>El sem tudom k\u00e9pzelni az \u00e9letem az angol nyelv n\u00e9lk\u00fcl! Enn\u00e9l jobban m\u00e1r csak \u00e1tadni szeretem ezt a tud\u00e1st. \ud83d\ude42<\/strong><\/p>\n<\/div>\n\n\n\n<div class=\"wp-block-column is-layout-flow wp-block-column-is-layout-flow\" style=\"flex-basis:45%\">\n<figure class=\"wp-block-image size-full is-style-rounded\"><img decoding=\"async\" width=\"2560\" height=\"1707\" src=\"https:\/\/angolulhenivel.hu\/wp-content\/uploads\/2024\/03\/IMG_9139-scaled.jpg\" alt=\"\" class=\"wp-image-20\" style=\"aspect-ratio:1;object-fit:cover\" srcset=\"https:\/\/angolulhenivel.hu\/wp-content\/uploads\/2024\/03\/IMG_9139-scaled.jpg 2560w, https:\/\/angolulhenivel.hu\/wp-content\/uploads\/2024\/03\/IMG_9139-300x200.jpg 300w, https:\/\/angolulhenivel.hu\/wp-content\/uploads\/2024\/03\/IMG_9139-1024x683.jpg 1024w, https:\/\/angolulhenivel.hu\/wp-content\/uploads\/2024\/03\/IMG_9139-768x512.jpg 768w, https:\/\/angolulhenivel.hu\/wp-content\/uploads\/2024\/03\/IMG_9139-1536x1024.jpg 1536w, https:\/\/angolulhenivel.hu\/wp-content\/uploads\/2024\/03\/IMG_9139-2048x1365.jpg 2048w\" sizes=\"(max-width: 2560px) 100vw, 2560px\" \/><\/figure>\n<\/div>\n<\/div>\n<\/div>\n\n\n\n<div class=\"wp-block-cover alignfull is-light\" style=\"margin-top:0;margin-bottom:0;padding-top:50px;padding-bottom:100px;min-height:50px;aspect-ratio:unset;\"><span aria-hidden=\"true\" class=\"wp-block-cover__background has-base-background-color has-background-dim-0 has-background-dim\"><\/span><div class=\"wp-block-cover__inner-container has-global-padding is-layout-constrained wp-container-core-cover-is-layout-8906bc65 wp-block-cover-is-layout-constrained\">\n<div class=\"wp-block-columns is-layout-flex wp-container-core-columns-is-layout-ec067dba wp-block-columns-is-layout-flex\" style=\"margin-top:0px;margin-bottom:0px\">\n<div class=\"wp-block-column is-vertically-aligned-center is-layout-flow wp-block-column-is-layout-flow\" style=\"flex-basis:45%\">\n<figure class=\"wp-block-image aligncenter size-large is-style-rounded\"><img decoding=\"async\" width=\"1024\" height=\"768\" src=\"https:\/\/angolulhenivel.hu\/wp-content\/uploads\/2025\/06\/8b345daa-71dc-4593-9ec3-1d5ee61badf7-1024x768.jpg\" alt=\"\" class=\"wp-image-320\" style=\"aspect-ratio:1;object-fit:cover\" srcset=\"https:\/\/angolulhenivel.hu\/wp-content\/uploads\/2025\/06\/8b345daa-71dc-4593-9ec3-1d5ee61badf7-1024x768.jpg 1024w, https:\/\/angolulhenivel.hu\/wp-content\/uploads\/2025\/06\/8b345daa-71dc-4593-9ec3-1d5ee61badf7-300x225.jpg 300w, https:\/\/angolulhenivel.hu\/wp-content\/uploads\/2025\/06\/8b345daa-71dc-4593-9ec3-1d5ee61badf7-768x576.jpg 768w, https:\/\/angolulhenivel.hu\/wp-content\/uploads\/2025\/06\/8b345daa-71dc-4593-9ec3-1d5ee61badf7-1536x1152.jpg 1536w, https:\/\/angolulhenivel.hu\/wp-content\/uploads\/2025\/06\/8b345daa-71dc-4593-9ec3-1d5ee61badf7.jpg 2048w\" sizes=\"(max-width: 1024px) 100vw, 1024px\" \/><\/figure>\n<\/div>\n\n\n\n<div class=\"wp-block-column is-vertically-aligned-center is-layout-flow wp-block-column-is-layout-flow\">\n<h2 class=\"wp-block-heading has-text-align-left has-text-color\" style=\"color:#000000;margin-top:0px;margin-bottom:40px;font-style:normal;font-weight:400;line-height:1.2\">T\u00f6bb mint egy tan\u00e1r<\/h2>\n\n\n\n<p class=\"has-text-align-left has-text-color\" style=\"color:#555555;margin-right:32px;margin-bottom:0px;line-height:1.6\">Ha szeretn\u00e9l h\u00e9tr\u0151l-h\u00e9tre egy bar\u00e1ts\u00e1gos arccal tal\u00e1lkozni, aki <strong>t\u00fcrelmesen, t\u00f6bb oldalr\u00f3l megk\u00f6zel\u00edtve magyar\u00e1z<\/strong>, \u00e9s szem\u00e9lyre szabott\u00e1 teszi a tananyagot, akkor \u00e9n vagyok az embered.<br> <br>Az angol\u00f3r\u00e1k n\u00e1lam nem csak tanul\u00e1si alkalmak, hanem egy k\u00f6z\u00f6s \u00fat, ahol folyamatosan t\u00e1mogatlak \u00e9s motiv\u00e1llak. <strong>Szem\u00e9lyes figyelmemmel \u00e9s t\u00fcrelmemmel <\/strong>biztos\u00edtom, hogy mindig a megfelel\u0151 temp\u00f3ban haladj, \u00e9s <strong>\u00e9lvezd a tanul\u00e1s minden pillanat\u00e1t.<\/strong> <br><br><strong>A c\u00e9lom, hogy magabiztosan \u00e9s sikeresen haszn\u00e1ld az angolt mindennapi \u00e9letedben \u00e9s munk\u00e1dban egyar\u00e1nt.<\/strong><\/p>\n<\/div>\n<\/div>\n<\/div><\/div>\n\n\n\n<div class=\"wp-block-cover alignfull\" style=\"margin-top:0;margin-bottom:0;padding-top:70px;padding-bottom:70px\"><span aria-hidden=\"true\" class=\"wp-block-cover__background has-background-dim-100 has-background-dim\" style=\"background-color:#495a58\"><\/span><div class=\"wp-block-cover__inner-container has-global-padding is-layout-constrained wp-container-core-cover-is-layout-2431d659 wp-block-cover-is-layout-constrained\">\n<div class=\"wp-block-columns is-layout-flex wp-container-core-columns-is-layout-2eb748b2 wp-block-columns-is-layout-flex\" style=\"margin-top:0px;margin-bottom:0px\">\n<div class=\"wp-block-column is-layout-flow wp-block-column-is-layout-flow\">\n<figure class=\"wp-block-image aligncenter size-full is-resized wp-duotone-ffffff-ffffff-1\"><img decoding=\"async\" src=\"https:\/\/tyler.com\/wp-content\/uploads\/2023\/10\/counseling.png\" alt=\"\" class=\"wp-image-2751\" style=\"width:120px;height:undefinedpx\"\/><\/figure>\n\n\n\n<h2 class=\"wp-block-heading has-text-align-center has-text-color\" style=\"color:#d4967d;font-style:normal;font-weight:400;line-height:1.5\">Pr\u00f3ba\u00f3ra ingyen!<\/h2>\n\n\n\n<p class=\"has-text-align-center has-text-color has-link-color wp-elements-d1f053324ddd380e812dc015c845817c\" style=\"color:#ffffff\">Pr\u00f3b\u00e1ld ki k\u00f6telezetts\u00e9gek n\u00e9lk\u00fcl az els\u0151 30 perces \u00f3r\u00e1t! Felm\u00e9rem az angoltud\u00e1sod szintj\u00e9t, meghat\u00e1rozzuk a c\u00e9ljaidat \u00e9s megbesz\u00e9lj\u00fck, hogyan \u00e9rheted el \u0151ket a leghat\u00e9konyabban. Ismerj\u00fck meg egym\u00e1st, \u00e9s induljunk el k\u00f6z\u00f6sen az angol nyelv izgalmas vil\u00e1g\u00e1ban!<\/p>\n<\/div>\n<\/div>\n\n\n\n<div class=\"wp-block-buttons is-content-justification-center is-layout-flex wp-container-core-buttons-is-layout-660f9ef0 wp-block-buttons-is-layout-flex\" style=\"margin-top:40px\">\n<div class=\"wp-block-button\"><a class=\"wp-block-button__link has-text-color has-background has-custom-font-size wp-element-button\" href=\"https:\/\/angolulhenivel.hu\/?page_id=32\" style=\"border-style:none;border-width:0px;border-radius:0px;color:#ffffff;background-color:#d4967d;padding-top:20px;padding-right:60px;padding-bottom:20px;padding-left:60px;font-size:clamp(14px, 0.875rem + ((1vw - 3.2px) * 0.455), 18px);font-style:normal;font-weight:500\"><strong>Jelentkezem!<\/strong><\/a><\/div>\n<\/div>\n<\/div><\/div>\n\n\n\n<div class=\"wp-block-cover alignfull is-light has-custom-color-2-color has-text-color\" style=\"margin-top:0px;margin-bottom:0px;padding-top:120px;padding-right:0px;padding-bottom:120px;padding-left:0px;min-height:50px;aspect-ratio:unset;\"><span aria-hidden=\"true\" class=\"wp-block-cover__background has-white-background-color has-background-dim-0 has-background-dim\"><\/span><div class=\"wp-block-cover__inner-container has-global-padding is-layout-constrained wp-container-core-cover-is-layout-bc5d0082 wp-block-cover-is-layout-constrained\">\n<h2 class=\"wp-block-heading has-text-align-center\">Mi\u00e9rt \u00e9rdemes angolul tanulni?<\/h2>\n\n\n\n<div class=\"wp-block-columns is-layout-flex wp-container-core-columns-is-layout-13c68ad4 wp-block-columns-is-layout-flex\" style=\"padding-top:15px;padding-right:15px;padding-bottom:15px;padding-left:15px\">\n<div class=\"wp-block-column is-layout-flow wp-block-column-is-layout-flow\" style=\"flex-basis:100%\">\n<div class=\"wp-block-group has-global-padding is-layout-constrained wp-block-group-is-layout-constrained\">\n<div class=\"wp-block-group has-global-padding is-layout-constrained wp-container-core-group-is-layout-e555385e wp-block-group-is-layout-constrained\">\n<h4 class=\"wp-block-heading has-text-color has-link-color wp-elements-283d1748743790d82752daae2b9e1833\" style=\"color:#d4967d\">Karrierlehet\u0151s\u00e9gek<\/h4>\n\n\n\n<p class=\"has-text-align-left\">Az angol nyelv ismerete el\u0151nyt jelent a munkaer\u0151piacon, sz\u00e1mos nemzetk\u00f6zi c\u00e9g k\u00f6veteli meg az angoltud\u00e1st.<\/p>\n<\/div>\n\n\n\n<div class=\"wp-block-group has-global-padding is-layout-constrained wp-container-core-group-is-layout-e555385e wp-block-group-is-layout-constrained\">\n<h4 class=\"wp-block-heading has-text-align-right has-text-color has-link-color wp-elements-8a0ca127f215c85326dacfc488b7c763\" style=\"color:#d4967d\">Tanulm\u00e1nyok<\/h4>\n\n\n\n<p class=\"has-text-align-right\">Az angol nyelv ismerete seg\u00edthet hozz\u00e1f\u00e9rni nemzetk\u00f6zi tanulm\u00e1nyokhoz, szakirodalomhoz \u00e9s \u00f6szt\u00f6nd\u00edjlehet\u0151s\u00e9gekhez, \u00edgy sz\u00e9lesebb k\u00f6r\u0171 tud\u00e1st \u00e9s karrierlehet\u0151s\u00e9geket ny\u00fajt.<\/p>\n<\/div>\n\n\n\n<div class=\"wp-block-group has-global-padding is-layout-constrained wp-container-core-group-is-layout-e555385e wp-block-group-is-layout-constrained\">\n<h4 class=\"wp-block-heading has-text-align-left has-text-color has-link-color wp-elements-3d427c75cd39a1c1e8ff5142a5ecfbbe\" style=\"color:#d4967d\">Utaz\u00e1s<\/h4>\n\n\n\n<p class=\"has-text-align-left\">Angolul besz\u00e9lve k\u00f6nnyebben boldogulsz k\u00fclf\u00f6ldi utaz\u00e1said sor\u00e1n, \u00e9s jobban meg\u00e9rted a helyi kult\u00far\u00e1t \u00e9s a helyi embereket.<\/p>\n<\/div>\n\n\n\n<div class=\"wp-block-group has-global-padding is-layout-constrained wp-container-core-group-is-layout-e555385e wp-block-group-is-layout-constrained\">\n<h4 class=\"wp-block-heading has-text-align-right has-text-color has-link-color wp-elements-f73783bc32abebea40eefb95870bbdb4\" style=\"color:#d4967d\">\u00d6nbizalom n\u00f6vel\u00e9se<\/h4>\n\n\n\n<p class=\"has-text-align-right\">Az angol nyelv ismerete n\u00f6veli az \u00f6nbizalmat, mivel k\u00e9pes leszel hat\u00e9konyan kommunik\u00e1lni k\u00fcl\u00f6nb\u00f6z\u0151 helyzetekben \u00e9s k\u00f6rnyezetekben.<\/p>\n<\/div>\n\n\n\n<hr class=\"wp-block-separator has-alpha-channel-opacity is-style-dots\"\/>\n\n\n\n<p class=\"has-text-align-center has-text-color has-link-color wp-elements-ce0f9006fc465f1b83bf70f3bade1d57\" style=\"color:#555555\">Az angoltanul\u00e1s seg\u00edt kapcsolatot teremteni a vil\u00e1ggal, \u00e9s sz\u00e1mos helyzetben gazdagabb\u00e1 teszi az \u00e9leted.<br>Ha \u00fagy \u00e9rzed, hogy nem el\u00e9g j\u00f3 az angol tud\u00e1sod, \u00e9s ez akad\u00e1lyoz t\u00e9ged, vagy szeretn\u00e9l \u00faj fejezetet nyitni az \u00e9letedben,<br><strong>engedd, hogy seg\u00edtsek!<\/strong><\/p>\n<\/div>\n<\/div>\n<\/div>\n<\/div><\/div>\n\n\n\n<div class=\"wp-block-cover alignfull has-custom-color-2-color has-text-color\" style=\"margin-top:0;margin-bottom:0;padding-top:120px;padding-right:20px;padding-bottom:120px;padding-left:20px;min-height:50px;aspect-ratio:unset;\"><img loading=\"lazy\" decoding=\"async\" width=\"2560\" height=\"1707\" class=\"wp-block-cover__image-background wp-image-21\" alt=\"\" src=\"https:\/\/angolulhenivel.hu\/wp-content\/uploads\/2024\/03\/pexels-tatiana-syrikova-3975586-scaled-e1710848255296.jpg\" data-object-fit=\"cover\" srcset=\"https:\/\/angolulhenivel.hu\/wp-content\/uploads\/2024\/03\/pexels-tatiana-syrikova-3975586-scaled-e1710848255296.jpg 2560w, https:\/\/angolulhenivel.hu\/wp-content\/uploads\/2024\/03\/pexels-tatiana-syrikova-3975586-scaled-e1710848255296-300x200.jpg 300w, https:\/\/angolulhenivel.hu\/wp-content\/uploads\/2024\/03\/pexels-tatiana-syrikova-3975586-scaled-e1710848255296-1024x683.jpg 1024w, https:\/\/angolulhenivel.hu\/wp-content\/uploads\/2024\/03\/pexels-tatiana-syrikova-3975586-scaled-e1710848255296-768x512.jpg 768w, https:\/\/angolulhenivel.hu\/wp-content\/uploads\/2024\/03\/pexels-tatiana-syrikova-3975586-scaled-e1710848255296-1536x1024.jpg 1536w, https:\/\/angolulhenivel.hu\/wp-content\/uploads\/2024\/03\/pexels-tatiana-syrikova-3975586-scaled-e1710848255296-2048x1366.jpg 2048w\" sizes=\"(max-width: 2560px) 100vw, 2560px\" \/><span aria-hidden=\"true\" class=\"wp-block-cover__background has-background-dim-60 has-background-dim\" style=\"background-color:#3f4a49\"><\/span><div class=\"wp-block-cover__inner-container has-global-padding is-layout-constrained wp-container-core-cover-is-layout-510246a0 wp-block-cover-is-layout-constrained\">\n<h2 class=\"wp-block-heading has-text-align-center has-text-color has-link-color wp-elements-96469c9b9da0835c4081077808b236db\" style=\"color:#ffffff\">\u00cdrj nekem, \u00e9s kezdd el ma!<\/h2>\n\n\n\n<p class=\"has-text-align-center has-text-color\" style=\"color:#ffffff;margin-bottom:2.5rem;font-size:clamp(14px, 0.875rem + ((1vw - 3.2px) * 0.455), 18px);font-style:normal;font-weight:400;line-height:1.9\">K\u00e9szen \u00e1llsz elkezdeni a tanul\u00e1st? Vedd fel velem a kapcsolatot, \u00e9s besz\u00e9lj\u00fcnk!<\/p>\n\n\n\n<div class=\"wp-block-buttons is-content-justification-center is-layout-flex wp-container-core-buttons-is-layout-a89b3969 wp-block-buttons-is-layout-flex\">\n<div class=\"wp-block-button\"><a class=\"wp-block-button__link has-text-color has-background has-custom-font-size wp-element-button\" href=\"https:\/\/angolulhenivel.hu\/?page_id=36\" style=\"border-style:none;border-width:0px;border-radius:0px;color:#ffffff;background-color:#d4967d;padding-top:20px;padding-right:60px;padding-bottom:20px;padding-left:60px;font-size:clamp(14px, 0.875rem + ((1vw - 3.2px) * 0.455), 18px);font-style:normal;font-weight:500\"><strong>Jelentkezem!<\/strong><\/a><\/div>\n<\/div>\n<\/div><\/div>\n","protected":false},"excerpt":{"rendered":"<p>Heni vagyok, az angoltan\u00e1rod! 18 \u00e9ve r\u00e9sze az \u00e9letemnek az angol nyelv. Folyamatosan k\u00f6r\u00fclvesz, olvasom, hallgatom, n\u00e9zem az angol tartalmakat. \u00c9ltem angol nyelvter\u00fcleten, kellett angolul teljes\u00edtenem egyetemi k\u00f6rnyezetben k\u00fclf\u00f6ld\u00f6n, majd angol fels\u0151fok\u00fa nyelvvizsg\u00e1t szereztem. El sem tudom k\u00e9pzelni az \u00e9letem az angol nyelv n\u00e9lk\u00fcl! Enn\u00e9l jobban m\u00e1r csak \u00e1tadni szeretem ezt a tud\u00e1st. \ud83d\ude42<\/p>\n","protected":false},"author":1,"featured_media":0,"parent":0,"menu_order":0,"comment_status":"closed","ping_status":"closed","template":"","meta":{"footnotes":""},"class_list":["post-27","page","type-page","status-publish","hentry"],"jetpack_sharing_enabled":true,"_links":{"self":[{"href":"https:\/\/angolulhenivel.hu\/index.php?rest_route=\/wp\/v2\/pages\/27","targetHints":{"allow":["GET"]}}],"collection":[{"href":"https:\/\/angolulhenivel.hu\/index.php?rest_route=\/wp\/v2\/pages"}],"about":[{"href":"https:\/\/angolulhenivel.hu\/index.php?rest_route=\/wp\/v2\/types\/page"}],"author":[{"embeddable":true,"href":"https:\/\/angolulhenivel.hu\/index.php?rest_route=\/wp\/v2\/users\/1"}],"replies":[{"embeddable":true,"href":"https:\/\/angolulhenivel.hu\/index.php?rest_route=%2Fwp%2Fv2%2Fcomments&post=27"}],"version-history":[{"count":60,"href":"https:\/\/angolulhenivel.hu\/index.php?rest_route=\/wp\/v2\/pages\/27\/revisions"}],"predecessor-version":[{"id":394,"href":"https:\/\/angolulhenivel.hu\/index.php?rest_route=\/wp\/v2\/pages\/27\/revisions\/394"}],"wp:attachment":[{"href":"https:\/\/angolulhenivel.hu\/index.php?rest_route=%2Fwp%2Fv2%2Fmedia&parent=27"}],"curies":[{"name":"wp","href":"https:\/\/api.w.org\/{rel}","templated":true}]}}